{"id":627,"date":"2025-07-31T21:47:25","date_gmt":"2025-07-31T21:47:25","guid":{"rendered":"https:\/\/villasfustera.com\/kontaktieren-sie-uns\/"},"modified":"2025-08-03T13:40:54","modified_gmt":"2025-08-03T13:40:54","slug":"kontaktieren-sie-uns","status":"publish","type":"page","link":"https:\/\/villasfustera.com\/de\/kontaktieren-sie-uns\/","title":{"rendered":"Kontaktieren Sie uns"},"content":{"rendered":"","protected":false},"excerpt":{"rendered":"","protected":false},"author":1,"featured_media":0,"parent":0,"menu_order":5,"comment_status":"closed","ping_status":"closed","template":"contactus.php","meta":{"_monsterinsights_skip_tracking":false,"_monsterinsights_sitenote_active":false,"_monsterinsights_sitenote_note":"","_monsterinsights_sitenote_category":0,"footnotes":""},"class_list":["post-627","page","type-page","status-publish","hentry"],"acf":[],"aioseo_notices":[],"yoast_head":"<!-- This site is optimized with the Yoast SEO plugin v25.6 - https:\/\/yoast.com\/wordpress\/plugins\/seo\/ -->\n<title>Kontaktieren Sie uns \u2013 Luxusvillen Fustera, Benissa Beach<\/title>\n<meta name=\"description\" content=\"Kontaktieren Sie das Team von Villas Fustera f\u00fcr Anfragen zu luxuri\u00f6sen Neubauvillen am Benissa Beach. Kontaktieren Sie Nicolas, Jeroen oder Peter f\u00fcr Unterst\u00fctzung auf Englisch, Spanisch oder Niederl\u00e4ndisch.\" \/>\n<meta name=\"robots\" content=\"index, follow, max-snippet:-1, max-image-preview:large, max-video-preview:-1\" \/>\n<link rel=\"canonical\" href=\"https:\/\/villasfustera.com\/de\/kontaktieren-sie-uns\/\" \/>\n<meta property=\"og:locale\" content=\"de_DE\" \/>\n<meta property=\"og:type\" content=\"article\" \/>\n<meta property=\"og:title\" content=\"Kontaktieren Sie uns \u2013 Villas Fustera Luxusvillen, Benissa Beach\" \/>\n<meta property=\"og:description\" content=\"Kontaktieren Sie das Team von Villas Fustera f\u00fcr Anfragen zu luxuri\u00f6sen Neubauvillen am Benissa Beach. Kontaktieren Sie Nicolas, Jeroen oder Peter f\u00fcr Unterst\u00fctzung auf Englisch, Spanisch oder Niederl\u00e4ndisch.\" \/>\n<meta property=\"og:url\" content=\"https:\/\/villasfustera.com\/de\/kontaktieren-sie-uns\/\" \/>\n<meta property=\"og:site_name\" content=\"Villas Fustera\" \/>\n<meta property=\"article:modified_time\" content=\"2025-08-03T13:40:54+00:00\" \/>\n<meta property=\"og:image\" content=\"https:\/\/villasfustera.com\/wp-content\/uploads\/2025\/08\/contact-us-1024x576.jpg\" \/>\n<meta name=\"twitter:card\" content=\"summary_large_image\" \/>\n<script type=\"application\/ld+json\" class=\"yoast-schema-graph\">{\"@context\":\"https:\/\/schema.org\",\"@graph\":[{\"@type\":\"WebPage\",\"@id\":\"https:\/\/villasfustera.com\/de\/kontaktieren-sie-uns\/\",\"url\":\"https:\/\/villasfustera.com\/de\/kontaktieren-sie-uns\/\",\"name\":\"Kontaktieren Sie uns \u2013 Luxusvillen Fustera, Benissa Beach\",\"isPartOf\":{\"@id\":\"https:\/\/villasfustera.com\/de\/#website\"},\"datePublished\":\"2025-07-31T21:47:25+00:00\",\"dateModified\":\"2025-08-03T13:40:54+00:00\",\"description\":\"Kontaktieren Sie das Team von Villas Fustera f\u00fcr Anfragen zu luxuri\u00f6sen Neubauvillen am Benissa Beach. Kontaktieren Sie Nicolas, Jeroen oder Peter f\u00fcr Unterst\u00fctzung auf Englisch, Spanisch oder Niederl\u00e4ndisch.\",\"breadcrumb\":{\"@id\":\"https:\/\/villasfustera.com\/de\/kontaktieren-sie-uns\/#breadcrumb\"},\"inLanguage\":\"de\",\"potentialAction\":[{\"@type\":\"ReadAction\",\"target\":[\"https:\/\/villasfustera.com\/de\/kontaktieren-sie-uns\/\"]}]},{\"@type\":\"BreadcrumbList\",\"@id\":\"https:\/\/villasfustera.com\/de\/kontaktieren-sie-uns\/#breadcrumb\",\"itemListElement\":[{\"@type\":\"ListItem\",\"position\":1,\"name\":\"Startseite\",\"item\":\"https:\/\/villasfustera.com\/de\/\"},{\"@type\":\"ListItem\",\"position\":2,\"name\":\"Kontaktieren Sie uns\"}]},{\"@type\":\"WebSite\",\"@id\":\"https:\/\/villasfustera.com\/de\/#website\",\"url\":\"https:\/\/villasfustera.com\/de\/\",\"name\":\"Villas Fustera\",\"description\":\"Modern Mediterranean villas for sale with sea views, private pools and premium finishes \u2013 just minutes from La Fustera beach.\",\"potentialAction\":[{\"@type\":\"SearchAction\",\"target\":{\"@type\":\"EntryPoint\",\"urlTemplate\":\"https:\/\/villasfustera.com\/de\/?s={search_term_string}\"},\"query-input\":{\"@type\":\"PropertyValueSpecification\",\"valueRequired\":true,\"valueName\":\"search_term_string\"}}],\"inLanguage\":\"de\"}]}<\/script>\n<!-- \/ Yoast SEO plugin. -->","yoast_head_json":{"title":"Kontaktieren Sie uns \u2013 Luxusvillen Fustera, Benissa Beach","description":"Kontaktieren Sie das Team von Villas Fustera f\u00fcr Anfragen zu luxuri\u00f6sen Neubauvillen am Benissa Beach. Kontaktieren Sie Nicolas, Jeroen oder Peter f\u00fcr Unterst\u00fctzung auf Englisch, Spanisch oder Niederl\u00e4ndisch.","robots":{"index":"index","follow":"follow","max-snippet":"max-snippet:-1","max-image-preview":"max-image-preview:large","max-video-preview":"max-video-preview:-1"},"canonical":"https:\/\/villasfustera.com\/de\/kontaktieren-sie-uns\/","og_locale":"de_DE","og_type":"article","og_title":"Kontaktieren Sie uns \u2013 Villas Fustera Luxusvillen, Benissa Beach","og_description":"Kontaktieren Sie das Team von Villas Fustera f\u00fcr Anfragen zu luxuri\u00f6sen Neubauvillen am Benissa Beach. Kontaktieren Sie Nicolas, Jeroen oder Peter f\u00fcr Unterst\u00fctzung auf Englisch, Spanisch oder Niederl\u00e4ndisch.","og_url":"https:\/\/villasfustera.com\/de\/kontaktieren-sie-uns\/","og_site_name":"Villas Fustera","article_modified_time":"2025-08-03T13:40:54+00:00","og_image":[{"url":"https:\/\/villasfustera.com\/wp-content\/uploads\/2025\/08\/contact-us-1024x576.jpg","type":"","width":"","height":""}],"twitter_card":"summary_large_image","schema":{"@context":"https:\/\/schema.org","@graph":[{"@type":"WebPage","@id":"https:\/\/villasfustera.com\/de\/kontaktieren-sie-uns\/","url":"https:\/\/villasfustera.com\/de\/kontaktieren-sie-uns\/","name":"Kontaktieren Sie uns \u2013 Luxusvillen Fustera, Benissa Beach","isPartOf":{"@id":"https:\/\/villasfustera.com\/de\/#website"},"datePublished":"2025-07-31T21:47:25+00:00","dateModified":"2025-08-03T13:40:54+00:00","description":"Kontaktieren Sie das Team von Villas Fustera f\u00fcr Anfragen zu luxuri\u00f6sen Neubauvillen am Benissa Beach. Kontaktieren Sie Nicolas, Jeroen oder Peter f\u00fcr Unterst\u00fctzung auf Englisch, Spanisch oder Niederl\u00e4ndisch.","breadcrumb":{"@id":"https:\/\/villasfustera.com\/de\/kontaktieren-sie-uns\/#breadcrumb"},"inLanguage":"de","potentialAction":[{"@type":"ReadAction","target":["https:\/\/villasfustera.com\/de\/kontaktieren-sie-uns\/"]}]},{"@type":"BreadcrumbList","@id":"https:\/\/villasfustera.com\/de\/kontaktieren-sie-uns\/#breadcrumb","itemListElement":[{"@type":"ListItem","position":1,"name":"Startseite","item":"https:\/\/villasfustera.com\/de\/"},{"@type":"ListItem","position":2,"name":"Kontaktieren Sie uns"}]},{"@type":"WebSite","@id":"https:\/\/villasfustera.com\/de\/#website","url":"https:\/\/villasfustera.com\/de\/","name":"Villas Fustera","description":"Modern Mediterranean villas for sale with sea views, private pools and premium finishes \u2013 just minutes from La Fustera beach.","potentialAction":[{"@type":"SearchAction","target":{"@type":"EntryPoint","urlTemplate":"https:\/\/villasfustera.com\/de\/?s={search_term_string}"},"query-input":{"@type":"PropertyValueSpecification","valueRequired":true,"valueName":"search_term_string"}}],"inLanguage":"de"}]}},"_links":{"self":[{"href":"https:\/\/villasfustera.com\/de\/wp-json\/wp\/v2\/pages\/627","targetHints":{"allow":["GET"]}}],"collection":[{"href":"https:\/\/villasfustera.com\/de\/wp-json\/wp\/v2\/pages"}],"about":[{"href":"https:\/\/villasfustera.com\/de\/wp-json\/wp\/v2\/types\/page"}],"author":[{"embeddable":true,"href":"https:\/\/villasfustera.com\/de\/wp-json\/wp\/v2\/users\/1"}],"replies":[{"embeddable":true,"href":"https:\/\/villasfustera.com\/de\/wp-json\/wp\/v2\/comments?post=627"}],"version-history":[{"count":1,"href":"https:\/\/villasfustera.com\/de\/wp-json\/wp\/v2\/pages\/627\/revisions"}],"predecessor-version":[{"id":639,"href":"https:\/\/villasfustera.com\/de\/wp-json\/wp\/v2\/pages\/627\/revisions\/639"}],"wp:attachment":[{"href":"https:\/\/villasfustera.com\/de\/wp-json\/wp\/v2\/media?parent=627"}],"curies":[{"name":"wp","href":"https:\/\/api.w.org\/{rel}","templated":true}]}}