{"id":614,"date":"2025-07-31T20:42:57","date_gmt":"2025-07-31T20:42:57","guid":{"rendered":"https:\/\/villasfustera.com\/inicio\/"},"modified":"2025-08-03T12:49:46","modified_gmt":"2025-08-03T12:49:46","slug":"inicio","status":"publish","type":"page","link":"https:\/\/villasfustera.com\/es\/","title":{"rendered":"Inicio"},"content":{"rendered":"","protected":false},"excerpt":{"rendered":"","protected":false},"author":1,"featured_media":0,"parent":0,"menu_order":0,"comment_status":"closed","ping_status":"closed","template":"home.php","meta":{"_monsterinsights_skip_tracking":false,"_monsterinsights_sitenote_active":false,"_monsterinsights_sitenote_note":"","_monsterinsights_sitenote_category":0,"footnotes":""},"class_list":["post-614","page","type-page","status-publish","hentry"],"acf":[],"aioseo_notices":[],"yoast_head":"<!-- This site is optimized with the Yoast SEO plugin v25.6 - https:\/\/yoast.com\/wordpress\/plugins\/seo\/ -->\n<title>Villas Fustera: exclusivas villas de nueva construcci\u00f3n junto al mar en Benissa, Espa\u00f1a<\/title>\n<meta name=\"description\" content=\"Descubra dos villas de lujo dise\u00f1adas por arquitectos en Benissa Beach, con piscinas infinitas privadas, vistas panor\u00e1micas al mar, tecnolog\u00eda dom\u00f3tica y acabados de alta gama. Le espera su escapada mediterr\u00e1nea perfecta.\" \/>\n<meta name=\"robots\" content=\"index, follow, max-snippet:-1, max-image-preview:large, max-video-preview:-1\" \/>\n<link rel=\"canonical\" href=\"https:\/\/villasfustera.com\/es\/\" \/>\n<meta property=\"og:locale\" content=\"es_ES\" \/>\n<meta property=\"og:type\" content=\"article\" \/>\n<meta property=\"og:title\" content=\"Villas Fustera: exclusivas villas de nueva construcci\u00f3n junto al mar en Benissa, Espa\u00f1a\" \/>\n<meta property=\"og:description\" content=\"Descubra dos villas de lujo dise\u00f1adas por arquitectos en Benissa Beach, con piscinas infinitas privadas, vistas panor\u00e1micas al mar, tecnolog\u00eda dom\u00f3tica y acabados de alta gama. Le espera su escapada mediterr\u00e1nea perfecta.\" \/>\n<meta property=\"og:url\" content=\"https:\/\/villasfustera.com\/es\/\" \/>\n<meta property=\"og:site_name\" content=\"Villas Fustera\" \/>\n<meta property=\"article:modified_time\" content=\"2025-08-03T12:49:46+00:00\" \/>\n<meta property=\"og:image\" content=\"https:\/\/villasfustera.com\/wp-content\/uploads\/2025\/08\/villas-fustera-cover-img-1024x576.jpg\" \/>\n<meta name=\"twitter:card\" content=\"summary_large_image\" \/>\n<script type=\"application\/ld+json\" class=\"yoast-schema-graph\">{\"@context\":\"https:\/\/schema.org\",\"@graph\":[{\"@type\":\"WebPage\",\"@id\":\"https:\/\/villasfustera.com\/es\/\",\"url\":\"https:\/\/villasfustera.com\/es\/\",\"name\":\"Villas Fustera: exclusivas villas de nueva construcci\u00f3n junto al mar en Benissa, Espa\u00f1a\",\"isPartOf\":{\"@id\":\"https:\/\/villasfustera.com\/es\/#website\"},\"datePublished\":\"2025-07-31T20:42:57+00:00\",\"dateModified\":\"2025-08-03T12:49:46+00:00\",\"description\":\"Descubra dos villas de lujo dise\u00f1adas por arquitectos en Benissa Beach, con piscinas infinitas privadas, vistas panor\u00e1micas al mar, tecnolog\u00eda dom\u00f3tica y acabados de alta gama. Le espera su escapada mediterr\u00e1nea perfecta.\",\"breadcrumb\":{\"@id\":\"https:\/\/villasfustera.com\/es\/#breadcrumb\"},\"inLanguage\":\"es\",\"potentialAction\":[{\"@type\":\"ReadAction\",\"target\":[\"https:\/\/villasfustera.com\/es\/\"]}]},{\"@type\":\"BreadcrumbList\",\"@id\":\"https:\/\/villasfustera.com\/es\/#breadcrumb\",\"itemListElement\":[{\"@type\":\"ListItem\",\"position\":1,\"name\":\"Inicio\",\"item\":\"https:\/\/villasfustera.com\/es\/\"},{\"@type\":\"ListItem\",\"position\":2,\"name\":\"Inicio\"}]},{\"@type\":\"WebSite\",\"@id\":\"https:\/\/villasfustera.com\/es\/#website\",\"url\":\"https:\/\/villasfustera.com\/es\/\",\"name\":\"Villas Fustera\",\"description\":\"Modern Mediterranean villas for sale with sea views, private pools and premium finishes \u2013 just minutes from La Fustera beach.\",\"potentialAction\":[{\"@type\":\"SearchAction\",\"target\":{\"@type\":\"EntryPoint\",\"urlTemplate\":\"https:\/\/villasfustera.com\/es\/?s={search_term_string}\"},\"query-input\":{\"@type\":\"PropertyValueSpecification\",\"valueRequired\":true,\"valueName\":\"search_term_string\"}}],\"inLanguage\":\"es\"}]}<\/script>\n<!-- \/ Yoast SEO plugin. -->","yoast_head_json":{"title":"Villas Fustera: exclusivas villas de nueva construcci\u00f3n junto al mar en Benissa, Espa\u00f1a","description":"Descubra dos villas de lujo dise\u00f1adas por arquitectos en Benissa Beach, con piscinas infinitas privadas, vistas panor\u00e1micas al mar, tecnolog\u00eda dom\u00f3tica y acabados de alta gama. Le espera su escapada mediterr\u00e1nea perfecta.","robots":{"index":"index","follow":"follow","max-snippet":"max-snippet:-1","max-image-preview":"max-image-preview:large","max-video-preview":"max-video-preview:-1"},"canonical":"https:\/\/villasfustera.com\/es\/","og_locale":"es_ES","og_type":"article","og_title":"Villas Fustera: exclusivas villas de nueva construcci\u00f3n junto al mar en Benissa, Espa\u00f1a","og_description":"Descubra dos villas de lujo dise\u00f1adas por arquitectos en Benissa Beach, con piscinas infinitas privadas, vistas panor\u00e1micas al mar, tecnolog\u00eda dom\u00f3tica y acabados de alta gama. Le espera su escapada mediterr\u00e1nea perfecta.","og_url":"https:\/\/villasfustera.com\/es\/","og_site_name":"Villas Fustera","article_modified_time":"2025-08-03T12:49:46+00:00","og_image":[{"url":"https:\/\/villasfustera.com\/wp-content\/uploads\/2025\/08\/villas-fustera-cover-img-1024x576.jpg","type":"","width":"","height":""}],"twitter_card":"summary_large_image","schema":{"@context":"https:\/\/schema.org","@graph":[{"@type":"WebPage","@id":"https:\/\/villasfustera.com\/es\/","url":"https:\/\/villasfustera.com\/es\/","name":"Villas Fustera: exclusivas villas de nueva construcci\u00f3n junto al mar en Benissa, Espa\u00f1a","isPartOf":{"@id":"https:\/\/villasfustera.com\/es\/#website"},"datePublished":"2025-07-31T20:42:57+00:00","dateModified":"2025-08-03T12:49:46+00:00","description":"Descubra dos villas de lujo dise\u00f1adas por arquitectos en Benissa Beach, con piscinas infinitas privadas, vistas panor\u00e1micas al mar, tecnolog\u00eda dom\u00f3tica y acabados de alta gama. Le espera su escapada mediterr\u00e1nea perfecta.","breadcrumb":{"@id":"https:\/\/villasfustera.com\/es\/#breadcrumb"},"inLanguage":"es","potentialAction":[{"@type":"ReadAction","target":["https:\/\/villasfustera.com\/es\/"]}]},{"@type":"BreadcrumbList","@id":"https:\/\/villasfustera.com\/es\/#breadcrumb","itemListElement":[{"@type":"ListItem","position":1,"name":"Inicio","item":"https:\/\/villasfustera.com\/es\/"},{"@type":"ListItem","position":2,"name":"Inicio"}]},{"@type":"WebSite","@id":"https:\/\/villasfustera.com\/es\/#website","url":"https:\/\/villasfustera.com\/es\/","name":"Villas Fustera","description":"Modern Mediterranean villas for sale with sea views, private pools and premium finishes \u2013 just minutes from La Fustera beach.","potentialAction":[{"@type":"SearchAction","target":{"@type":"EntryPoint","urlTemplate":"https:\/\/villasfustera.com\/es\/?s={search_term_string}"},"query-input":{"@type":"PropertyValueSpecification","valueRequired":true,"valueName":"search_term_string"}}],"inLanguage":"es"}]}},"_links":{"self":[{"href":"https:\/\/villasfustera.com\/es\/wp-json\/wp\/v2\/pages\/614","targetHints":{"allow":["GET"]}}],"collection":[{"href":"https:\/\/villasfustera.com\/es\/wp-json\/wp\/v2\/pages"}],"about":[{"href":"https:\/\/villasfustera.com\/es\/wp-json\/wp\/v2\/types\/page"}],"author":[{"embeddable":true,"href":"https:\/\/villasfustera.com\/es\/wp-json\/wp\/v2\/users\/1"}],"replies":[{"embeddable":true,"href":"https:\/\/villasfustera.com\/es\/wp-json\/wp\/v2\/comments?post=614"}],"version-history":[{"count":1,"href":"https:\/\/villasfustera.com\/es\/wp-json\/wp\/v2\/pages\/614\/revisions"}],"predecessor-version":[{"id":657,"href":"https:\/\/villasfustera.com\/es\/wp-json\/wp\/v2\/pages\/614\/revisions\/657"}],"wp:attachment":[{"href":"https:\/\/villasfustera.com\/es\/wp-json\/wp\/v2\/media?parent=614"}],"curies":[{"name":"wp","href":"https:\/\/api.w.org\/{rel}","templated":true}]}}