{"id":617,"date":"2025-07-31T21:47:04","date_gmt":"2025-07-31T21:47:04","guid":{"rendered":"https:\/\/villasfustera.com\/benissa-y-alrededores\/"},"modified":"2025-08-03T13:33:47","modified_gmt":"2025-08-03T13:33:47","slug":"benissa-y-alrededores","status":"publish","type":"page","link":"https:\/\/villasfustera.com\/es\/benissa-y-alrededores\/","title":{"rendered":"Benissa y alrededores"},"content":{"rendered":"","protected":false},"excerpt":{"rendered":"","protected":false},"author":1,"featured_media":0,"parent":0,"menu_order":3,"comment_status":"closed","ping_status":"closed","template":"benissaandsurroundings.php","meta":{"_monsterinsights_skip_tracking":false,"_monsterinsights_sitenote_active":false,"_monsterinsights_sitenote_note":"","_monsterinsights_sitenote_category":0,"footnotes":""},"class_list":["post-617","page","type-page","status-publish","hentry"],"acf":[],"aioseo_notices":[],"yoast_head":"<!-- This site is optimized with the Yoast SEO plugin v25.6 - https:\/\/yoast.com\/wordpress\/plugins\/seo\/ -->\n<title>Ubicaci\u00f3n y alrededores \u2013 Villas Fustera, playa de Benissa, Costa Blanca<\/title>\n<meta name=\"description\" content=\"Descubra la ubicaci\u00f3n privilegiada de Villas Fustera en la playa de Benissa, Costa Blanca. Disfrute de calas escondidas, senderos costeros mediterr\u00e1neos, playas, restaurantes y f\u00e1cil acceso a Moraira, Calpe, J\u00e1vea y el aeropuerto de Alicante.\" \/>\n<meta name=\"robots\" content=\"index, follow, max-snippet:-1, max-image-preview:large, max-video-preview:-1\" \/>\n<link rel=\"canonical\" href=\"https:\/\/villasfustera.com\/es\/benissa-y-alrededores\/\" \/>\n<meta property=\"og:locale\" content=\"es_ES\" \/>\n<meta property=\"og:type\" content=\"article\" \/>\n<meta property=\"og:title\" content=\"Ubicaci\u00f3n y alrededores \u2013 Villas Fustera, playa de Benissa, Costa Blanca\" \/>\n<meta property=\"og:description\" content=\"Descubra la ubicaci\u00f3n privilegiada de Villas Fustera en la playa de Benissa, Costa Blanca. Disfrute de calas escondidas, senderos costeros mediterr\u00e1neos, playas, restaurantes y f\u00e1cil acceso a Moraira, Calpe, J\u00e1vea y el aeropuerto de Alicante.\" \/>\n<meta property=\"og:url\" content=\"https:\/\/villasfustera.com\/es\/benissa-y-alrededores\/\" \/>\n<meta property=\"og:site_name\" content=\"Villas Fustera\" \/>\n<meta property=\"article:modified_time\" content=\"2025-08-03T13:33:47+00:00\" \/>\n<meta property=\"og:image\" content=\"https:\/\/villasfustera.com\/wp-content\/uploads\/2025\/08\/benissa-environment-1024x576.jpg\" \/>\n<meta name=\"twitter:card\" content=\"summary_large_image\" \/>\n<script type=\"application\/ld+json\" class=\"yoast-schema-graph\">{\"@context\":\"https:\/\/schema.org\",\"@graph\":[{\"@type\":\"WebPage\",\"@id\":\"https:\/\/villasfustera.com\/es\/benissa-y-alrededores\/\",\"url\":\"https:\/\/villasfustera.com\/es\/benissa-y-alrededores\/\",\"name\":\"Ubicaci\u00f3n y alrededores \u2013 Villas Fustera, playa de Benissa, Costa Blanca\",\"isPartOf\":{\"@id\":\"https:\/\/villasfustera.com\/es\/#website\"},\"datePublished\":\"2025-07-31T21:47:04+00:00\",\"dateModified\":\"2025-08-03T13:33:47+00:00\",\"description\":\"Descubra la ubicaci\u00f3n privilegiada de Villas Fustera en la playa de Benissa, Costa Blanca. Disfrute de calas escondidas, senderos costeros mediterr\u00e1neos, playas, restaurantes y f\u00e1cil acceso a Moraira, Calpe, J\u00e1vea y el aeropuerto de Alicante.\",\"breadcrumb\":{\"@id\":\"https:\/\/villasfustera.com\/es\/benissa-y-alrededores\/#breadcrumb\"},\"inLanguage\":\"es\",\"potentialAction\":[{\"@type\":\"ReadAction\",\"target\":[\"https:\/\/villasfustera.com\/es\/benissa-y-alrededores\/\"]}]},{\"@type\":\"BreadcrumbList\",\"@id\":\"https:\/\/villasfustera.com\/es\/benissa-y-alrededores\/#breadcrumb\",\"itemListElement\":[{\"@type\":\"ListItem\",\"position\":1,\"name\":\"Inicio\",\"item\":\"https:\/\/villasfustera.com\/es\/\"},{\"@type\":\"ListItem\",\"position\":2,\"name\":\"Benissa y alrededores\"}]},{\"@type\":\"WebSite\",\"@id\":\"https:\/\/villasfustera.com\/es\/#website\",\"url\":\"https:\/\/villasfustera.com\/es\/\",\"name\":\"Villas Fustera\",\"description\":\"Modern Mediterranean villas for sale with sea views, private pools and premium finishes \u2013 just minutes from La Fustera beach.\",\"potentialAction\":[{\"@type\":\"SearchAction\",\"target\":{\"@type\":\"EntryPoint\",\"urlTemplate\":\"https:\/\/villasfustera.com\/es\/?s={search_term_string}\"},\"query-input\":{\"@type\":\"PropertyValueSpecification\",\"valueRequired\":true,\"valueName\":\"search_term_string\"}}],\"inLanguage\":\"es\"}]}<\/script>\n<!-- \/ Yoast SEO plugin. -->","yoast_head_json":{"title":"Ubicaci\u00f3n y alrededores \u2013 Villas Fustera, playa de Benissa, Costa Blanca","description":"Descubra la ubicaci\u00f3n privilegiada de Villas Fustera en la playa de Benissa, Costa Blanca. Disfrute de calas escondidas, senderos costeros mediterr\u00e1neos, playas, restaurantes y f\u00e1cil acceso a Moraira, Calpe, J\u00e1vea y el aeropuerto de Alicante.","robots":{"index":"index","follow":"follow","max-snippet":"max-snippet:-1","max-image-preview":"max-image-preview:large","max-video-preview":"max-video-preview:-1"},"canonical":"https:\/\/villasfustera.com\/es\/benissa-y-alrededores\/","og_locale":"es_ES","og_type":"article","og_title":"Ubicaci\u00f3n y alrededores \u2013 Villas Fustera, playa de Benissa, Costa Blanca","og_description":"Descubra la ubicaci\u00f3n privilegiada de Villas Fustera en la playa de Benissa, Costa Blanca. Disfrute de calas escondidas, senderos costeros mediterr\u00e1neos, playas, restaurantes y f\u00e1cil acceso a Moraira, Calpe, J\u00e1vea y el aeropuerto de Alicante.","og_url":"https:\/\/villasfustera.com\/es\/benissa-y-alrededores\/","og_site_name":"Villas Fustera","article_modified_time":"2025-08-03T13:33:47+00:00","og_image":[{"url":"https:\/\/villasfustera.com\/wp-content\/uploads\/2025\/08\/benissa-environment-1024x576.jpg","type":"","width":"","height":""}],"twitter_card":"summary_large_image","schema":{"@context":"https:\/\/schema.org","@graph":[{"@type":"WebPage","@id":"https:\/\/villasfustera.com\/es\/benissa-y-alrededores\/","url":"https:\/\/villasfustera.com\/es\/benissa-y-alrededores\/","name":"Ubicaci\u00f3n y alrededores \u2013 Villas Fustera, playa de Benissa, Costa Blanca","isPartOf":{"@id":"https:\/\/villasfustera.com\/es\/#website"},"datePublished":"2025-07-31T21:47:04+00:00","dateModified":"2025-08-03T13:33:47+00:00","description":"Descubra la ubicaci\u00f3n privilegiada de Villas Fustera en la playa de Benissa, Costa Blanca. Disfrute de calas escondidas, senderos costeros mediterr\u00e1neos, playas, restaurantes y f\u00e1cil acceso a Moraira, Calpe, J\u00e1vea y el aeropuerto de Alicante.","breadcrumb":{"@id":"https:\/\/villasfustera.com\/es\/benissa-y-alrededores\/#breadcrumb"},"inLanguage":"es","potentialAction":[{"@type":"ReadAction","target":["https:\/\/villasfustera.com\/es\/benissa-y-alrededores\/"]}]},{"@type":"BreadcrumbList","@id":"https:\/\/villasfustera.com\/es\/benissa-y-alrededores\/#breadcrumb","itemListElement":[{"@type":"ListItem","position":1,"name":"Inicio","item":"https:\/\/villasfustera.com\/es\/"},{"@type":"ListItem","position":2,"name":"Benissa y alrededores"}]},{"@type":"WebSite","@id":"https:\/\/villasfustera.com\/es\/#website","url":"https:\/\/villasfustera.com\/es\/","name":"Villas Fustera","description":"Modern Mediterranean villas for sale with sea views, private pools and premium finishes \u2013 just minutes from La Fustera beach.","potentialAction":[{"@type":"SearchAction","target":{"@type":"EntryPoint","urlTemplate":"https:\/\/villasfustera.com\/es\/?s={search_term_string}"},"query-input":{"@type":"PropertyValueSpecification","valueRequired":true,"valueName":"search_term_string"}}],"inLanguage":"es"}]}},"_links":{"self":[{"href":"https:\/\/villasfustera.com\/es\/wp-json\/wp\/v2\/pages\/617","targetHints":{"allow":["GET"]}}],"collection":[{"href":"https:\/\/villasfustera.com\/es\/wp-json\/wp\/v2\/pages"}],"about":[{"href":"https:\/\/villasfustera.com\/es\/wp-json\/wp\/v2\/types\/page"}],"author":[{"embeddable":true,"href":"https:\/\/villasfustera.com\/es\/wp-json\/wp\/v2\/users\/1"}],"replies":[{"embeddable":true,"href":"https:\/\/villasfustera.com\/es\/wp-json\/wp\/v2\/comments?post=617"}],"version-history":[{"count":1,"href":"https:\/\/villasfustera.com\/es\/wp-json\/wp\/v2\/pages\/617\/revisions"}],"predecessor-version":[{"id":646,"href":"https:\/\/villasfustera.com\/es\/wp-json\/wp\/v2\/pages\/617\/revisions\/646"}],"wp:attachment":[{"href":"https:\/\/villasfustera.com\/es\/wp-json\/wp\/v2\/media?parent=617"}],"curies":[{"name":"wp","href":"https:\/\/api.w.org\/{rel}","templated":true}]}}