{"id":619,"date":"2025-07-31T21:46:52","date_gmt":"2025-07-31T21:46:52","guid":{"rendered":"https:\/\/villasfustera.com\/villas\/"},"modified":"2025-08-03T13:27:41","modified_gmt":"2025-08-03T13:27:41","slug":"villas","status":"publish","type":"page","link":"https:\/\/villasfustera.com\/es\/villas\/","title":{"rendered":"Villas"},"content":{"rendered":"","protected":false},"excerpt":{"rendered":"","protected":false},"author":1,"featured_media":0,"parent":0,"menu_order":1,"comment_status":"closed","ping_status":"closed","template":"villas.php","meta":{"_monsterinsights_skip_tracking":false,"_monsterinsights_sitenote_active":false,"_monsterinsights_sitenote_note":"","_monsterinsights_sitenote_category":0,"footnotes":""},"class_list":["post-619","page","type-page","status-publish","hentry"],"acf":[],"aioseo_notices":[],"yoast_head":"<!-- This site is optimized with the Yoast SEO plugin v25.6 - https:\/\/yoast.com\/wordpress\/plugins\/seo\/ -->\n<title>Nuevas villas de construcci\u00f3n en Benissa: dos casas de lujo exclusivas junto al mar<\/title>\n<meta name=\"description\" content=\"Descubra dos modernas villas de nueva construcci\u00f3n en Benissa en amplias parcelas de 1.000 m\u00b2 con piscinas privadas, vistas panor\u00e1micas al mar, tecnolog\u00eda dom\u00f3tica y dise\u00f1o mediterr\u00e1neo de primera calidad por GEA Architects. Construcci\u00f3n Q2 2025\u2013Q2 2026.\" \/>\n<meta name=\"robots\" content=\"index, follow, max-snippet:-1, max-image-preview:large, max-video-preview:-1\" \/>\n<link rel=\"canonical\" href=\"https:\/\/villasfustera.com\/es\/villas\/\" \/>\n<meta property=\"og:locale\" content=\"es_ES\" \/>\n<meta property=\"og:type\" content=\"article\" \/>\n<meta property=\"og:title\" content=\"Nuevas villas de construcci\u00f3n en Benissa: dos casas de lujo exclusivas junto al mar\" \/>\n<meta property=\"og:description\" content=\"Descubra dos modernas villas de nueva construcci\u00f3n en Benissa en amplias parcelas de 1.000 m\u00b2 con piscinas privadas, vistas panor\u00e1micas al mar, tecnolog\u00eda dom\u00f3tica y dise\u00f1o mediterr\u00e1neo de primera calidad por GEA Architects. Construcci\u00f3n Q2 2025\u2013Q2 2026.\" \/>\n<meta property=\"og:url\" content=\"https:\/\/villasfustera.com\/es\/villas\/\" \/>\n<meta property=\"og:site_name\" content=\"Villas Fustera\" \/>\n<meta property=\"article:modified_time\" content=\"2025-08-03T13:27:41+00:00\" \/>\n<meta property=\"og:image\" content=\"https:\/\/villasfustera.com\/wp-content\/uploads\/2025\/08\/villas-fustera-villas-1024x640.jpg\" \/>\n<meta name=\"twitter:card\" content=\"summary_large_image\" \/>\n<script type=\"application\/ld+json\" class=\"yoast-schema-graph\">{\"@context\":\"https:\/\/schema.org\",\"@graph\":[{\"@type\":\"WebPage\",\"@id\":\"https:\/\/villasfustera.com\/es\/villas\/\",\"url\":\"https:\/\/villasfustera.com\/es\/villas\/\",\"name\":\"Nuevas villas de construcci\u00f3n en Benissa: dos casas de lujo exclusivas junto al mar\",\"isPartOf\":{\"@id\":\"https:\/\/villasfustera.com\/es\/#website\"},\"datePublished\":\"2025-07-31T21:46:52+00:00\",\"dateModified\":\"2025-08-03T13:27:41+00:00\",\"description\":\"Descubra dos modernas villas de nueva construcci\u00f3n en Benissa en amplias parcelas de 1.000 m\u00b2 con piscinas privadas, vistas panor\u00e1micas al mar, tecnolog\u00eda dom\u00f3tica y dise\u00f1o mediterr\u00e1neo de primera calidad por GEA Architects. Construcci\u00f3n Q2 2025\u2013Q2 2026.\",\"breadcrumb\":{\"@id\":\"https:\/\/villasfustera.com\/es\/villas\/#breadcrumb\"},\"inLanguage\":\"es\",\"potentialAction\":[{\"@type\":\"ReadAction\",\"target\":[\"https:\/\/villasfustera.com\/es\/villas\/\"]}]},{\"@type\":\"BreadcrumbList\",\"@id\":\"https:\/\/villasfustera.com\/es\/villas\/#breadcrumb\",\"itemListElement\":[{\"@type\":\"ListItem\",\"position\":1,\"name\":\"Inicio\",\"item\":\"https:\/\/villasfustera.com\/es\/\"},{\"@type\":\"ListItem\",\"position\":2,\"name\":\"Villas\"}]},{\"@type\":\"WebSite\",\"@id\":\"https:\/\/villasfustera.com\/es\/#website\",\"url\":\"https:\/\/villasfustera.com\/es\/\",\"name\":\"Villas Fustera\",\"description\":\"Modern Mediterranean villas for sale with sea views, private pools and premium finishes \u2013 just minutes from La Fustera beach.\",\"potentialAction\":[{\"@type\":\"SearchAction\",\"target\":{\"@type\":\"EntryPoint\",\"urlTemplate\":\"https:\/\/villasfustera.com\/es\/?s={search_term_string}\"},\"query-input\":{\"@type\":\"PropertyValueSpecification\",\"valueRequired\":true,\"valueName\":\"search_term_string\"}}],\"inLanguage\":\"es\"}]}<\/script>\n<!-- \/ Yoast SEO plugin. -->","yoast_head_json":{"title":"Nuevas villas de construcci\u00f3n en Benissa: dos casas de lujo exclusivas junto al mar","description":"Descubra dos modernas villas de nueva construcci\u00f3n en Benissa en amplias parcelas de 1.000 m\u00b2 con piscinas privadas, vistas panor\u00e1micas al mar, tecnolog\u00eda dom\u00f3tica y dise\u00f1o mediterr\u00e1neo de primera calidad por GEA Architects. Construcci\u00f3n Q2 2025\u2013Q2 2026.","robots":{"index":"index","follow":"follow","max-snippet":"max-snippet:-1","max-image-preview":"max-image-preview:large","max-video-preview":"max-video-preview:-1"},"canonical":"https:\/\/villasfustera.com\/es\/villas\/","og_locale":"es_ES","og_type":"article","og_title":"Nuevas villas de construcci\u00f3n en Benissa: dos casas de lujo exclusivas junto al mar","og_description":"Descubra dos modernas villas de nueva construcci\u00f3n en Benissa en amplias parcelas de 1.000 m\u00b2 con piscinas privadas, vistas panor\u00e1micas al mar, tecnolog\u00eda dom\u00f3tica y dise\u00f1o mediterr\u00e1neo de primera calidad por GEA Architects. Construcci\u00f3n Q2 2025\u2013Q2 2026.","og_url":"https:\/\/villasfustera.com\/es\/villas\/","og_site_name":"Villas Fustera","article_modified_time":"2025-08-03T13:27:41+00:00","og_image":[{"url":"https:\/\/villasfustera.com\/wp-content\/uploads\/2025\/08\/villas-fustera-villas-1024x640.jpg","type":"","width":"","height":""}],"twitter_card":"summary_large_image","schema":{"@context":"https:\/\/schema.org","@graph":[{"@type":"WebPage","@id":"https:\/\/villasfustera.com\/es\/villas\/","url":"https:\/\/villasfustera.com\/es\/villas\/","name":"Nuevas villas de construcci\u00f3n en Benissa: dos casas de lujo exclusivas junto al mar","isPartOf":{"@id":"https:\/\/villasfustera.com\/es\/#website"},"datePublished":"2025-07-31T21:46:52+00:00","dateModified":"2025-08-03T13:27:41+00:00","description":"Descubra dos modernas villas de nueva construcci\u00f3n en Benissa en amplias parcelas de 1.000 m\u00b2 con piscinas privadas, vistas panor\u00e1micas al mar, tecnolog\u00eda dom\u00f3tica y dise\u00f1o mediterr\u00e1neo de primera calidad por GEA Architects. Construcci\u00f3n Q2 2025\u2013Q2 2026.","breadcrumb":{"@id":"https:\/\/villasfustera.com\/es\/villas\/#breadcrumb"},"inLanguage":"es","potentialAction":[{"@type":"ReadAction","target":["https:\/\/villasfustera.com\/es\/villas\/"]}]},{"@type":"BreadcrumbList","@id":"https:\/\/villasfustera.com\/es\/villas\/#breadcrumb","itemListElement":[{"@type":"ListItem","position":1,"name":"Inicio","item":"https:\/\/villasfustera.com\/es\/"},{"@type":"ListItem","position":2,"name":"Villas"}]},{"@type":"WebSite","@id":"https:\/\/villasfustera.com\/es\/#website","url":"https:\/\/villasfustera.com\/es\/","name":"Villas Fustera","description":"Modern Mediterranean villas for sale with sea views, private pools and premium finishes \u2013 just minutes from La Fustera beach.","potentialAction":[{"@type":"SearchAction","target":{"@type":"EntryPoint","urlTemplate":"https:\/\/villasfustera.com\/es\/?s={search_term_string}"},"query-input":{"@type":"PropertyValueSpecification","valueRequired":true,"valueName":"search_term_string"}}],"inLanguage":"es"}]}},"_links":{"self":[{"href":"https:\/\/villasfustera.com\/es\/wp-json\/wp\/v2\/pages\/619","targetHints":{"allow":["GET"]}}],"collection":[{"href":"https:\/\/villasfustera.com\/es\/wp-json\/wp\/v2\/pages"}],"about":[{"href":"https:\/\/villasfustera.com\/es\/wp-json\/wp\/v2\/types\/page"}],"author":[{"embeddable":true,"href":"https:\/\/villasfustera.com\/es\/wp-json\/wp\/v2\/users\/1"}],"replies":[{"embeddable":true,"href":"https:\/\/villasfustera.com\/es\/wp-json\/wp\/v2\/comments?post=619"}],"version-history":[{"count":1,"href":"https:\/\/villasfustera.com\/es\/wp-json\/wp\/v2\/pages\/619\/revisions"}],"predecessor-version":[{"id":653,"href":"https:\/\/villasfustera.com\/es\/wp-json\/wp\/v2\/pages\/619\/revisions\/653"}],"wp:attachment":[{"href":"https:\/\/villasfustera.com\/es\/wp-json\/wp\/v2\/media?parent=619"}],"curies":[{"name":"wp","href":"https:\/\/api.w.org\/{rel}","templated":true}]}}