{"id":626,"date":"2025-07-31T21:47:25","date_gmt":"2025-07-31T21:47:25","guid":{"rendered":"https:\/\/villasfustera.com\/contacte-con-nosotros\/"},"modified":"2025-08-03T13:40:07","modified_gmt":"2025-08-03T13:40:07","slug":"contacte-con-nosotros","status":"publish","type":"page","link":"https:\/\/villasfustera.com\/es\/contacte-con-nosotros\/","title":{"rendered":"Contacte con nosotros"},"content":{"rendered":"","protected":false},"excerpt":{"rendered":"","protected":false},"author":1,"featured_media":0,"parent":0,"menu_order":5,"comment_status":"closed","ping_status":"closed","template":"contactus.php","meta":{"_monsterinsights_skip_tracking":false,"_monsterinsights_sitenote_active":false,"_monsterinsights_sitenote_note":"","_monsterinsights_sitenote_category":0,"footnotes":""},"class_list":["post-626","page","type-page","status-publish","hentry"],"acf":[],"aioseo_notices":[],"yoast_head":"<!-- This site is optimized with the Yoast SEO plugin v25.6 - https:\/\/yoast.com\/wordpress\/plugins\/seo\/ -->\n<title>Contacto \u2013 Villas Fustera, lujo en Benissa<\/title>\n<meta name=\"description\" content=\"P\u00f3ngase en contacto con el equipo de Villas Fustera para consultas sobre villas de lujo de nueva construcci\u00f3n en la playa de Benissa. Contacte con Nicolas, Jeroen o Peter para recibir asistencia en ingl\u00e9s, espa\u00f1ol u holand\u00e9s.\" \/>\n<meta name=\"robots\" content=\"index, follow, max-snippet:-1, max-image-preview:large, max-video-preview:-1\" \/>\n<link rel=\"canonical\" href=\"https:\/\/villasfustera.com\/es\/contacte-con-nosotros\/\" \/>\n<meta property=\"og:locale\" content=\"es_ES\" \/>\n<meta property=\"og:type\" content=\"article\" \/>\n<meta property=\"og:title\" content=\"Contacte con nosotros \u2013 Villas Fustera, villas de lujo, playa de Benissa\" \/>\n<meta property=\"og:description\" content=\"P\u00f3ngase en contacto con el equipo de Villas Fustera para consultas sobre villas de lujo de nueva construcci\u00f3n en la playa de Benissa. Contacte con Nicolas, Jeroen o Peter para recibir asistencia en ingl\u00e9s, espa\u00f1ol u holand\u00e9s.\" \/>\n<meta property=\"og:url\" content=\"https:\/\/villasfustera.com\/es\/contacte-con-nosotros\/\" \/>\n<meta property=\"og:site_name\" content=\"Villas Fustera\" \/>\n<meta property=\"article:modified_time\" content=\"2025-08-03T13:40:07+00:00\" \/>\n<meta property=\"og:image\" content=\"https:\/\/villasfustera.com\/wp-content\/uploads\/2025\/08\/contact-us-1024x576.jpg\" \/>\n<meta name=\"twitter:card\" content=\"summary_large_image\" \/>\n<script type=\"application\/ld+json\" class=\"yoast-schema-graph\">{\"@context\":\"https:\/\/schema.org\",\"@graph\":[{\"@type\":\"WebPage\",\"@id\":\"https:\/\/villasfustera.com\/es\/contacte-con-nosotros\/\",\"url\":\"https:\/\/villasfustera.com\/es\/contacte-con-nosotros\/\",\"name\":\"Contacto \u2013 Villas Fustera, lujo en Benissa\",\"isPartOf\":{\"@id\":\"https:\/\/villasfustera.com\/es\/#website\"},\"datePublished\":\"2025-07-31T21:47:25+00:00\",\"dateModified\":\"2025-08-03T13:40:07+00:00\",\"description\":\"P\u00f3ngase en contacto con el equipo de Villas Fustera para consultas sobre villas de lujo de nueva construcci\u00f3n en la playa de Benissa. Contacte con Nicolas, Jeroen o Peter para recibir asistencia en ingl\u00e9s, espa\u00f1ol u holand\u00e9s.\",\"breadcrumb\":{\"@id\":\"https:\/\/villasfustera.com\/es\/contacte-con-nosotros\/#breadcrumb\"},\"inLanguage\":\"es\",\"potentialAction\":[{\"@type\":\"ReadAction\",\"target\":[\"https:\/\/villasfustera.com\/es\/contacte-con-nosotros\/\"]}]},{\"@type\":\"BreadcrumbList\",\"@id\":\"https:\/\/villasfustera.com\/es\/contacte-con-nosotros\/#breadcrumb\",\"itemListElement\":[{\"@type\":\"ListItem\",\"position\":1,\"name\":\"Inicio\",\"item\":\"https:\/\/villasfustera.com\/es\/\"},{\"@type\":\"ListItem\",\"position\":2,\"name\":\"Contacte con nosotros\"}]},{\"@type\":\"WebSite\",\"@id\":\"https:\/\/villasfustera.com\/es\/#website\",\"url\":\"https:\/\/villasfustera.com\/es\/\",\"name\":\"Villas Fustera\",\"description\":\"Modern Mediterranean villas for sale with sea views, private pools and premium finishes \u2013 just minutes from La Fustera beach.\",\"potentialAction\":[{\"@type\":\"SearchAction\",\"target\":{\"@type\":\"EntryPoint\",\"urlTemplate\":\"https:\/\/villasfustera.com\/es\/?s={search_term_string}\"},\"query-input\":{\"@type\":\"PropertyValueSpecification\",\"valueRequired\":true,\"valueName\":\"search_term_string\"}}],\"inLanguage\":\"es\"}]}<\/script>\n<!-- \/ Yoast SEO plugin. -->","yoast_head_json":{"title":"Contacto \u2013 Villas Fustera, lujo en Benissa","description":"P\u00f3ngase en contacto con el equipo de Villas Fustera para consultas sobre villas de lujo de nueva construcci\u00f3n en la playa de Benissa. Contacte con Nicolas, Jeroen o Peter para recibir asistencia en ingl\u00e9s, espa\u00f1ol u holand\u00e9s.","robots":{"index":"index","follow":"follow","max-snippet":"max-snippet:-1","max-image-preview":"max-image-preview:large","max-video-preview":"max-video-preview:-1"},"canonical":"https:\/\/villasfustera.com\/es\/contacte-con-nosotros\/","og_locale":"es_ES","og_type":"article","og_title":"Contacte con nosotros \u2013 Villas Fustera, villas de lujo, playa de Benissa","og_description":"P\u00f3ngase en contacto con el equipo de Villas Fustera para consultas sobre villas de lujo de nueva construcci\u00f3n en la playa de Benissa. Contacte con Nicolas, Jeroen o Peter para recibir asistencia en ingl\u00e9s, espa\u00f1ol u holand\u00e9s.","og_url":"https:\/\/villasfustera.com\/es\/contacte-con-nosotros\/","og_site_name":"Villas Fustera","article_modified_time":"2025-08-03T13:40:07+00:00","og_image":[{"url":"https:\/\/villasfustera.com\/wp-content\/uploads\/2025\/08\/contact-us-1024x576.jpg","type":"","width":"","height":""}],"twitter_card":"summary_large_image","schema":{"@context":"https:\/\/schema.org","@graph":[{"@type":"WebPage","@id":"https:\/\/villasfustera.com\/es\/contacte-con-nosotros\/","url":"https:\/\/villasfustera.com\/es\/contacte-con-nosotros\/","name":"Contacto \u2013 Villas Fustera, lujo en Benissa","isPartOf":{"@id":"https:\/\/villasfustera.com\/es\/#website"},"datePublished":"2025-07-31T21:47:25+00:00","dateModified":"2025-08-03T13:40:07+00:00","description":"P\u00f3ngase en contacto con el equipo de Villas Fustera para consultas sobre villas de lujo de nueva construcci\u00f3n en la playa de Benissa. Contacte con Nicolas, Jeroen o Peter para recibir asistencia en ingl\u00e9s, espa\u00f1ol u holand\u00e9s.","breadcrumb":{"@id":"https:\/\/villasfustera.com\/es\/contacte-con-nosotros\/#breadcrumb"},"inLanguage":"es","potentialAction":[{"@type":"ReadAction","target":["https:\/\/villasfustera.com\/es\/contacte-con-nosotros\/"]}]},{"@type":"BreadcrumbList","@id":"https:\/\/villasfustera.com\/es\/contacte-con-nosotros\/#breadcrumb","itemListElement":[{"@type":"ListItem","position":1,"name":"Inicio","item":"https:\/\/villasfustera.com\/es\/"},{"@type":"ListItem","position":2,"name":"Contacte con nosotros"}]},{"@type":"WebSite","@id":"https:\/\/villasfustera.com\/es\/#website","url":"https:\/\/villasfustera.com\/es\/","name":"Villas Fustera","description":"Modern Mediterranean villas for sale with sea views, private pools and premium finishes \u2013 just minutes from La Fustera beach.","potentialAction":[{"@type":"SearchAction","target":{"@type":"EntryPoint","urlTemplate":"https:\/\/villasfustera.com\/es\/?s={search_term_string}"},"query-input":{"@type":"PropertyValueSpecification","valueRequired":true,"valueName":"search_term_string"}}],"inLanguage":"es"}]}},"_links":{"self":[{"href":"https:\/\/villasfustera.com\/es\/wp-json\/wp\/v2\/pages\/626","targetHints":{"allow":["GET"]}}],"collection":[{"href":"https:\/\/villasfustera.com\/es\/wp-json\/wp\/v2\/pages"}],"about":[{"href":"https:\/\/villasfustera.com\/es\/wp-json\/wp\/v2\/types\/page"}],"author":[{"embeddable":true,"href":"https:\/\/villasfustera.com\/es\/wp-json\/wp\/v2\/users\/1"}],"replies":[{"embeddable":true,"href":"https:\/\/villasfustera.com\/es\/wp-json\/wp\/v2\/comments?post=626"}],"version-history":[{"count":1,"href":"https:\/\/villasfustera.com\/es\/wp-json\/wp\/v2\/pages\/626\/revisions"}],"predecessor-version":[{"id":640,"href":"https:\/\/villasfustera.com\/es\/wp-json\/wp\/v2\/pages\/626\/revisions\/640"}],"wp:attachment":[{"href":"https:\/\/villasfustera.com\/es\/wp-json\/wp\/v2\/media?parent=626"}],"curies":[{"name":"wp","href":"https:\/\/api.w.org\/{rel}","templated":true}]}}