{"id":764,"date":"2025-08-21T12:35:16","date_gmt":"2025-08-21T12:35:16","guid":{"rendered":"https:\/\/villasfustera.com\/folleto\/"},"modified":"2025-08-24T14:52:02","modified_gmt":"2025-08-24T14:52:02","slug":"folleto","status":"publish","type":"page","link":"https:\/\/villasfustera.com\/es\/folleto\/","title":{"rendered":"Folleto"},"content":{"rendered":"","protected":false},"excerpt":{"rendered":"","protected":false},"author":1,"featured_media":0,"parent":0,"menu_order":0,"comment_status":"closed","ping_status":"closed","template":"brochure.php","meta":{"_monsterinsights_skip_tracking":false,"_monsterinsights_sitenote_active":false,"_monsterinsights_sitenote_note":"","_monsterinsights_sitenote_category":0,"footnotes":""},"class_list":["post-764","page","type-page","status-publish","hentry"],"acf":[],"aioseo_notices":[],"yoast_head":"<!-- This site is optimized with the Yoast SEO plugin v25.6 - https:\/\/yoast.com\/wordpress\/plugins\/seo\/ -->\n<title>Folleto de Lujo \u2013 Villas Solana &amp; Aurora, Benissa<\/title>\n<meta name=\"description\" content=\"Descarga el folleto exclusivo de las villas Solana &amp; Aurora en Benissa. Dise\u00f1o mediterr\u00e1neo moderno, terrazas panor\u00e1micas y piscinas privadas.\" \/>\n<meta name=\"robots\" content=\"index, follow, max-snippet:-1, max-image-preview:large, max-video-preview:-1\" \/>\n<link rel=\"canonical\" href=\"https:\/\/villasfustera.com\/es\/folleto\/\" \/>\n<meta property=\"og:locale\" content=\"es_ES\" \/>\n<meta property=\"og:type\" content=\"article\" \/>\n<meta property=\"og:title\" content=\"Folleto de Villas \u2013 Solana &amp; Aurora (Benissa)\" \/>\n<meta property=\"og:description\" content=\"Consigue el folleto de las villas dise\u00f1adas arquitect\u00f3nicamente Solana &amp; Aurora en Benissa. Vive la elegancia mediterr\u00e1nea con piscina privada\u2014desc\u00e1rgalo ahora.\" \/>\n<meta property=\"og:url\" content=\"https:\/\/villasfustera.com\/es\/folleto\/\" \/>\n<meta property=\"og:site_name\" content=\"Villas Fustera\" \/>\n<meta property=\"article:modified_time\" content=\"2025-08-24T14:52:02+00:00\" \/>\n<meta property=\"og:image\" content=\"https:\/\/villasfustera.com\/wp-content\/uploads\/2025\/08\/VS5-scaled.jpg\" \/>\n\t<meta property=\"og:image:width\" content=\"1810\" \/>\n\t<meta property=\"og:image:height\" content=\"2560\" \/>\n\t<meta property=\"og:image:type\" content=\"image\/jpeg\" \/>\n<meta name=\"twitter:card\" content=\"summary_large_image\" \/>\n<script type=\"application\/ld+json\" class=\"yoast-schema-graph\">{\"@context\":\"https:\/\/schema.org\",\"@graph\":[{\"@type\":\"WebPage\",\"@id\":\"https:\/\/villasfustera.com\/es\/folleto\/\",\"url\":\"https:\/\/villasfustera.com\/es\/folleto\/\",\"name\":\"Folleto de Lujo \u2013 Villas Solana & Aurora, Benissa\",\"isPartOf\":{\"@id\":\"https:\/\/villasfustera.com\/es\/#website\"},\"datePublished\":\"2025-08-21T12:35:16+00:00\",\"dateModified\":\"2025-08-24T14:52:02+00:00\",\"description\":\"Descarga el folleto exclusivo de las villas Solana & Aurora en Benissa. Dise\u00f1o mediterr\u00e1neo moderno, terrazas panor\u00e1micas y piscinas privadas.\",\"breadcrumb\":{\"@id\":\"https:\/\/villasfustera.com\/es\/folleto\/#breadcrumb\"},\"inLanguage\":\"es\",\"potentialAction\":[{\"@type\":\"ReadAction\",\"target\":[\"https:\/\/villasfustera.com\/es\/folleto\/\"]}]},{\"@type\":\"BreadcrumbList\",\"@id\":\"https:\/\/villasfustera.com\/es\/folleto\/#breadcrumb\",\"itemListElement\":[{\"@type\":\"ListItem\",\"position\":1,\"name\":\"Inicio\",\"item\":\"https:\/\/villasfustera.com\/es\/\"},{\"@type\":\"ListItem\",\"position\":2,\"name\":\"Folleto\"}]},{\"@type\":\"WebSite\",\"@id\":\"https:\/\/villasfustera.com\/es\/#website\",\"url\":\"https:\/\/villasfustera.com\/es\/\",\"name\":\"Villas Fustera\",\"description\":\"Modern Mediterranean villas for sale with sea views, private pools and premium finishes \u2013 just minutes from La Fustera beach.\",\"potentialAction\":[{\"@type\":\"SearchAction\",\"target\":{\"@type\":\"EntryPoint\",\"urlTemplate\":\"https:\/\/villasfustera.com\/es\/?s={search_term_string}\"},\"query-input\":{\"@type\":\"PropertyValueSpecification\",\"valueRequired\":true,\"valueName\":\"search_term_string\"}}],\"inLanguage\":\"es\"}]}<\/script>\n<!-- \/ Yoast SEO plugin. -->","yoast_head_json":{"title":"Folleto de Lujo \u2013 Villas Solana & Aurora, Benissa","description":"Descarga el folleto exclusivo de las villas Solana & Aurora en Benissa. Dise\u00f1o mediterr\u00e1neo moderno, terrazas panor\u00e1micas y piscinas privadas.","robots":{"index":"index","follow":"follow","max-snippet":"max-snippet:-1","max-image-preview":"max-image-preview:large","max-video-preview":"max-video-preview:-1"},"canonical":"https:\/\/villasfustera.com\/es\/folleto\/","og_locale":"es_ES","og_type":"article","og_title":"Folleto de Villas \u2013 Solana & Aurora (Benissa)","og_description":"Consigue el folleto de las villas dise\u00f1adas arquitect\u00f3nicamente Solana & Aurora en Benissa. Vive la elegancia mediterr\u00e1nea con piscina privada\u2014desc\u00e1rgalo ahora.","og_url":"https:\/\/villasfustera.com\/es\/folleto\/","og_site_name":"Villas Fustera","article_modified_time":"2025-08-24T14:52:02+00:00","og_image":[{"width":1810,"height":2560,"url":"https:\/\/villasfustera.com\/wp-content\/uploads\/2025\/08\/VS5-scaled.jpg","type":"image\/jpeg"}],"twitter_card":"summary_large_image","schema":{"@context":"https:\/\/schema.org","@graph":[{"@type":"WebPage","@id":"https:\/\/villasfustera.com\/es\/folleto\/","url":"https:\/\/villasfustera.com\/es\/folleto\/","name":"Folleto de Lujo \u2013 Villas Solana & Aurora, Benissa","isPartOf":{"@id":"https:\/\/villasfustera.com\/es\/#website"},"datePublished":"2025-08-21T12:35:16+00:00","dateModified":"2025-08-24T14:52:02+00:00","description":"Descarga el folleto exclusivo de las villas Solana & Aurora en Benissa. Dise\u00f1o mediterr\u00e1neo moderno, terrazas panor\u00e1micas y piscinas privadas.","breadcrumb":{"@id":"https:\/\/villasfustera.com\/es\/folleto\/#breadcrumb"},"inLanguage":"es","potentialAction":[{"@type":"ReadAction","target":["https:\/\/villasfustera.com\/es\/folleto\/"]}]},{"@type":"BreadcrumbList","@id":"https:\/\/villasfustera.com\/es\/folleto\/#breadcrumb","itemListElement":[{"@type":"ListItem","position":1,"name":"Inicio","item":"https:\/\/villasfustera.com\/es\/"},{"@type":"ListItem","position":2,"name":"Folleto"}]},{"@type":"WebSite","@id":"https:\/\/villasfustera.com\/es\/#website","url":"https:\/\/villasfustera.com\/es\/","name":"Villas Fustera","description":"Modern Mediterranean villas for sale with sea views, private pools and premium finishes \u2013 just minutes from La Fustera beach.","potentialAction":[{"@type":"SearchAction","target":{"@type":"EntryPoint","urlTemplate":"https:\/\/villasfustera.com\/es\/?s={search_term_string}"},"query-input":{"@type":"PropertyValueSpecification","valueRequired":true,"valueName":"search_term_string"}}],"inLanguage":"es"}]}},"_links":{"self":[{"href":"https:\/\/villasfustera.com\/es\/wp-json\/wp\/v2\/pages\/764","targetHints":{"allow":["GET"]}}],"collection":[{"href":"https:\/\/villasfustera.com\/es\/wp-json\/wp\/v2\/pages"}],"about":[{"href":"https:\/\/villasfustera.com\/es\/wp-json\/wp\/v2\/types\/page"}],"author":[{"embeddable":true,"href":"https:\/\/villasfustera.com\/es\/wp-json\/wp\/v2\/users\/1"}],"replies":[{"embeddable":true,"href":"https:\/\/villasfustera.com\/es\/wp-json\/wp\/v2\/comments?post=764"}],"version-history":[{"count":2,"href":"https:\/\/villasfustera.com\/es\/wp-json\/wp\/v2\/pages\/764\/revisions"}],"predecessor-version":[{"id":767,"href":"https:\/\/villasfustera.com\/es\/wp-json\/wp\/v2\/pages\/764\/revisions\/767"}],"wp:attachment":[{"href":"https:\/\/villasfustera.com\/es\/wp-json\/wp\/v2\/media?parent=764"}],"curies":[{"name":"wp","href":"https:\/\/api.w.org\/{rel}","templated":true}]}}